{"id":1704,"date":"2023-07-18T10:22:31","date_gmt":"2023-07-18T10:22:31","guid":{"rendered":"https:\/\/charcuteriaedu.misterlo.com\/?page_id=1704"},"modified":"2026-03-09T09:05:55","modified_gmt":"2026-03-09T09:05:55","slug":"politica-de-cookies","status":"publish","type":"page","link":"https:\/\/charcuteriaedu.misterlo.com\/?page_id=1704","title":{"rendered":"Pol\u00edtica de cookies"},"content":{"rendered":"\n<p>En cumplimiento de lo dispuesto en la Ley de Servicios de la Sociedad de la Informaci\u00f3n y de Comercio Electr\u00f3nico (LSSI-CE) y en el Reglamento General de Protecci\u00f3n de Datos (RGPD), se informa al usuario que el sitio web www.jamoneriaeduardorodriguez.es (en adelante, el Sitio Web) utiliza cookies.<\/p>\n\n\n\n<p>Las cookies son peque\u00f1os archivos que se descargan en el ordenador del usuario al acceder a determinadas p\u00e1ginas web. Las cookies permiten a una p\u00e1gina web, entre otras cosas, almacenar y recuperar informaci\u00f3n sobre los h\u00e1bitos de navegaci\u00f3n del usuario o de su equipo y, dependiendo de la informaci\u00f3n que contengan y de la forma en que utilice su equipo, pueden utilizarse para reconocer al usuario.<\/p>\n\n\n\n<p>El Sitio Web utiliza los siguientes tipos de cookies:<\/p>\n\n\n\n<ul class=\"wp-block-list\">\n<li>Cookies t\u00e9cnicas: Son aquellas que permiten al usuario la navegaci\u00f3n a trav\u00e9s del Sitio Web y la utilizaci\u00f3n de las diferentes opciones o servicios que en ella existen.<\/li>\n\n\n\n<li>Cookies anal\u00edticas: Son aquellas que permiten al responsable de las mismas el seguimiento y an\u00e1lisis del comportamiento de los usuarios del Sitio Web. La informaci\u00f3n recogida mediante este tipo de cookies se utiliza en la medici\u00f3n de la actividad del Sitio Web y para la elaboraci\u00f3n de perfiles de navegaci\u00f3n de los usuarios del Sitio Web.<\/li>\n\n\n\n<li>Cookies publicitarias: Son aquellas que permiten la gesti\u00f3n eficaz de los espacios publicitarios incluidos en el Sitio Web en base a criterios como el contenido editado o la frecuencia en la que se muestran los anuncios.<\/li>\n<\/ul>\n\n\n\n<p>El usuario tiene la posibilidad de configurar su navegador para ser avisado en pantalla de la recepci\u00f3n de cookies y para impedir su instalaci\u00f3n en su disco duro. Para m\u00e1s informaci\u00f3n, consulte las instrucciones y manuales de su navegador.<\/p>\n\n\n\n<p>Para utilizar el Sitio Web no resulta necesario que el usuario permita la instalaci\u00f3n de las cookies enviadas por el Sitio Web.<\/p>\n\n\n\n<p>El usuario puede configurar su navegador para rechazar todas las cookies o para recibir una notificaci\u00f3n cuando se env\u00eda una cookie. Sin embargo, si no acepta las cookies, es posible que no pueda utilizar algunas partes del Sitio Web.<\/p>\n\n\n\n<p>La base jur\u00eddica para el tratamiento de los datos personales del usuario es el consentimiento del usuario.<\/p>\n\n\n\n<p>El Responsable del Tratamiento no ceder\u00e1 los datos personales del usuario a terceros salvo en aquellos casos en que exista una obligaci\u00f3n legal.<\/p>\n\n\n\n<p>El usuario tiene derecho a obtener confirmaci\u00f3n sobre si en Jamoner\u00eda Eduardo Rodr\u00edguez estamos tratando datos personales que les conciernan, o no. Asimismo, tiene derecho a acceder a sus datos personales, as\u00ed como a solicitar la rectificaci\u00f3n de los datos inexactos o, en su caso, solicitar su supresi\u00f3n cuando, entre otros motivos, los datos ya no sean necesarios para los fines para los que fueron recogidos.<\/p>\n\n\n\n<p>En determinadas circunstancias, el usuario podr\u00e1 solicitar la limitaci\u00f3n del tratamiento de sus datos personales, en cuyo caso \u00fanicamente se conservar\u00e1n para el ejercicio o defensa de reclamaciones.<\/p>\n\n\n\n<p>En determinadas circunstancias y por motivos relacionados con su situaci\u00f3n particular, el usuario podr\u00e1 oponerse al tratamiento de sus datos. Jamoner\u00eda Eduardo Rodr\u00edguez dejar\u00e1 de tratar los datos salvo por motivos leg\u00edtimos imperiosos o el ejercicio o defensa de posibles reclamaciones.<\/p>\n\n\n\n<p>El usuario podr\u00e1 ejercitar materialmente sus derechos mediante correo electr\u00f3nico dirigido a valedu9714@gmail.com indicando como Asunto: \u201cProtecci\u00f3n de Datos\u201d, o mediante correo postal dirigido a Avenida de Monforte de Lemos, 36- El Mercado. Puesto 35 Centro Comercial La Vaguada. Madrid (28029).<\/p>\n\n\n\n<p>El usuario declara haber sido informado sobre las condiciones sobre protecci\u00f3n de datos personales y pol\u00edtica de cookies aceptando y consintiendo el tratamiento automatizado de los mismos por parte del Responsable del Tratamiento en la forma y para las finalidades indicadas en esta Pol\u00edtica.<\/p>\n","protected":false},"excerpt":{"rendered":"<p>En cumplimiento de lo dispuesto en la Ley de Servicios de la Sociedad de la Informaci\u00f3n y de Comercio Electr\u00f3nico (LSSI-CE) y en el Reglamento General de Protecci\u00f3n de Datos (RGPD), se informa al usuario que el sitio web www.jamoneriaeduardorodriguez.es (en adelante, el Sitio Web) utiliza cookies. Las cookies son peque\u00f1os archivos que se descargan&#8230;<\/p>\n","protected":false},"author":1,"featured_media":0,"parent":0,"menu_order":0,"comment_status":"closed","ping_status":"closed","template":"","meta":{"_kadence_starter_templates_imported_post":false,"_kad_post_transparent":"","_kad_post_title":"","_kad_post_layout":"","_kad_post_sidebar_id":"","_kad_post_content_style":"","_kad_post_vertical_padding":"","_kad_post_feature":"","_kad_post_feature_position":"","_kad_post_header":false,"_kad_post_footer":false,"footnotes":""},"class_list":["post-1704","page","type-page","status-publish","hentry"],"_links":{"self":[{"href":"https:\/\/charcuteriaedu.misterlo.com\/index.php?rest_route=\/wp\/v2\/pages\/1704","targetHints":{"allow":["GET"]}}],"collection":[{"href":"https:\/\/charcuteriaedu.misterlo.com\/index.php?rest_route=\/wp\/v2\/pages"}],"about":[{"href":"https:\/\/charcuteriaedu.misterlo.com\/index.php?rest_route=\/wp\/v2\/types\/page"}],"author":[{"embeddable":true,"href":"https:\/\/charcuteriaedu.misterlo.com\/index.php?rest_route=\/wp\/v2\/users\/1"}],"replies":[{"embeddable":true,"href":"https:\/\/charcuteriaedu.misterlo.com\/index.php?rest_route=%2Fwp%2Fv2%2Fcomments&post=1704"}],"version-history":[{"count":2,"href":"https:\/\/charcuteriaedu.misterlo.com\/index.php?rest_route=\/wp\/v2\/pages\/1704\/revisions"}],"predecessor-version":[{"id":1745,"href":"https:\/\/charcuteriaedu.misterlo.com\/index.php?rest_route=\/wp\/v2\/pages\/1704\/revisions\/1745"}],"wp:attachment":[{"href":"https:\/\/charcuteriaedu.misterlo.com\/index.php?rest_route=%2Fwp%2Fv2%2Fmedia&parent=1704"}],"curies":[{"name":"wp","href":"https:\/\/api.w.org\/{rel}","templated":true}]}}